{"id":562,"date":"2018-08-25T02:34:07","date_gmt":"2018-08-25T00:34:07","guid":{"rendered":"http:\/\/www.ibicsarl.com\/?page_id=562"},"modified":"2018-11-06T18:30:57","modified_gmt":"2018-11-06T17:30:57","slug":"composants","status":"publish","type":"page","link":"http:\/\/www.ibicsarl.com\/index.php\/composants\/","title":{"rendered":"Composants"},"content":{"rendered":"<p>[et_pb_section fb_built=\u00a0\u00bb1&Prime; custom_padding=\u00a0\u00bb54px|0px|0px|0px\u00a0\u00bb admin_label=\u00a0\u00bbsection\u00a0\u00bb _builder_version=\u00a0\u00bb3.0.47&Prime;][et_pb_row custom_padding=\u00a0\u00bb0px|1px|0px|0px\u00a0\u00bb admin_label=\u00a0\u00bbrow\u00a0\u00bb _builder_version=\u00a0\u00bb3.0.51&Prime; background_image=\u00a0\u00bbhttp:\/\/www.ibicsarl.com\/wp-content\/uploads\/2018\/08\/fond-ecran-prodigemobile.jpg\u00a0\u00bb background_size=\u00a0\u00bbinitial\u00a0\u00bb background_position=\u00a0\u00bbtop_left\u00a0\u00bb background_repeat=\u00a0\u00bbrepeat\u00a0\u00bb][et_pb_column type=\u00a0\u00bb4_4&Prime; _builder_version=\u00a0\u00bb3.0.47&Prime; parallax=\u00a0\u00bboff\u00a0\u00bb parallax_method=\u00a0\u00bbon\u00a0\u00bb][et_pb_text admin_label=\u00a0\u00bbText\u00a0\u00bb _builder_version=\u00a0\u00bb3.0.47&Prime; background_size=\u00a0\u00bbinitial\u00a0\u00bb background_position=\u00a0\u00bbtop_left\u00a0\u00bb background_repeat=\u00a0\u00bbrepeat\u00a0\u00bb]<\/p>\n<p>\t\t\t\t[\/et_pb_text][et_pb_text _builder_version=\u00a0\u00bb3.0.51&Prime;]<\/p>\n<h1><span style=\"color: #ff6600;\"><strong><marquee>Composants<\/marquee><\/strong><\/span><\/h1>\n<p><span style=\"color: #ff6600;\"><strong><\/strong><\/span><\/p>\n<p><span style=\"color: #ff6600;\"><strong><\/strong><\/span><\/p>\n<p><span style=\"color: #ff6600;\"><strong><\/strong><\/span><\/p>\n<h5 style=\"text-align: center;\"><strong><span>\u00a0<span style=\"color: #ffffff;\">PR\u00c9SENTATION NON EXHAUSTIVE, NOUS CONTACTER POUR UN PLUS GRAND CHOIX DE\u00a0PRODUITS ADAPT\u00c9S \u00c0 VOS BESOINS.<\/span><\/span><\/strong><\/h5>\n<p>[\/et_pb_text][\/et_pb_column][\/et_pb_row][et_pb_row custom_padding=\u00a0\u00bb20px|0px|0px|0px\u00a0\u00bb _builder_version=\u00a0\u00bb3.0.51&Prime;][et_pb_column type=\u00a0\u00bb1_3&Prime; _builder_version=\u00a0\u00bb3.0.51&Prime; parallax=\u00a0\u00bboff\u00a0\u00bb parallax_method=\u00a0\u00bbon\u00a0\u00bb][et_pb_text _builder_version=\u00a0\u00bb3.0.51&Prime;]<\/p>\n<h4 class=\"font_7\"><span style=\"text-decoration: underline;\"><strong>Composant pour Ordinateur<\/strong><\/span><\/h4>\n<ul class=\"font_8\">\n<li>\n<p class=\"font_8\">M\u00e9moires<\/p>\n<\/li>\n<li>\n<p class=\"font_8\">Cartes M\u00e8res<\/p>\n<\/li>\n<li>\n<p class=\"font_8\">Cartes Vid\u00e9o \/ graphique<\/p>\n<\/li>\n<li>\n<p class=\"font_8\">Cartes Pci<\/p>\n<\/li>\n<li>\n<p class=\"font_8\">Refroidissement PC<\/p>\n<\/li>\n<\/ul>\n<h4 class=\"font_7\"><span style=\"text-decoration: underline;\"><strong>Accessoires<\/strong><\/span><\/h4>\n<ul class=\"font_8\">\n<li>\n<p class=\"font_8\">Webcams<\/p>\n<\/li>\n<li>\n<p class=\"font_8\">Haut-Parleurs<\/p>\n<\/li>\n<li>\n<p class=\"font_8\">Micros-casques<\/p>\n<\/li>\n<\/ul>\n<p>[\/et_pb_text][\/et_pb_column][et_pb_column type=\u00a0\u00bb1_3&Prime; _builder_version=\u00a0\u00bb3.0.51&Prime; parallax=\u00a0\u00bboff\u00a0\u00bb parallax_method=\u00a0\u00bbon\u00a0\u00bb][et_pb_text _builder_version=\u00a0\u00bb3.0.51&Prime;]<\/p>\n<h4 class=\"font_7\"><span style=\"text-decoration: underline;\"><strong>Cables &#038; Adaptateurs<\/strong><\/span><\/h4>\n<h4 class=\"font_7\"><\/h4>\n<ul>\n<li class=\"font_7\">C\u00e2bles &#038; Adaptateurs HDMI<\/li>\n<\/ul>\n<ul class=\"font_8\">\n<li>\n<p class=\"font_8\">C\u00e2bles &#038; Adaptateur USB<\/p>\n<\/li>\n<li>\n<p class=\"font_8\">C\u00e2bles &#038; Adaptateurs Imprimante<\/p>\n<\/li>\n<li>\n<p class=\"font_8\">C\u00e2bles &#038; Adaptateurs \/ vid\u00e9o<\/p>\n<\/li>\n<\/ul>\n<ul class=\"font_8\">\n<li>\n<p class=\"font_8\">C\u00e2bles Syst\u00e8mes &#038; Accessoires<\/p>\n<\/li>\n<li>\n<p class=\"font_8\">C\u00e2bles &#038; Adaptateurs pour affichage<\/p>\n<\/li>\n<li>\n<p class=\"font_8\">C\u00e2ble &#038; Adaptateurs souris\/clavier<\/p>\n<\/li>\n<li>c\u00e2ble &#038; Adaptateurs pour bo\u00eetiers<\/li>\n<\/ul>\n<p>[\/et_pb_text][\/et_pb_column][et_pb_column type=\u00a0\u00bb1_3&Prime; _builder_version=\u00a0\u00bb3.0.51&Prime; parallax=\u00a0\u00bboff\u00a0\u00bb parallax_method=\u00a0\u00bbon\u00a0\u00bb][et_pb_text _builder_version=\u00a0\u00bb3.0.51&Prime;]<\/p>\n<ul class=\"font_8\">\n<li>\n<p class=\"font_8\">C\u00e2bles d\u2019alimentation<\/p>\n<\/li>\n<li>\n<p class=\"font_8\">C\u00e2bles &#038; adaptateurs pour bo\u00eetiers<\/p>\n<\/li>\n<\/ul>\n<p>[\/et_pb_text][\/et_pb_column][\/et_pb_row][et_pb_row custom_padding=\u00a0\u00bb0px|0px|0px|0px\u00a0\u00bb _builder_version=\u00a0\u00bb3.0.51&Prime;][et_pb_column type=\u00a0\u00bb1_3&Prime; _builder_version=\u00a0\u00bb3.0.51&Prime; parallax=\u00a0\u00bboff\u00a0\u00bb parallax_method=\u00a0\u00bbon\u00a0\u00bb][et_pb_slider auto=\u00a0\u00bbon\u00a0\u00bb auto_speed=\u00a0\u00bb3000&Prime; auto_ignore_hover=\u00a0\u00bbon\u00a0\u00bb parallax=\u00a0\u00bbon\u00a0\u00bb remove_inner_shadow=\u00a0\u00bbon\u00a0\u00bb show_image_video_mobile=\u00a0\u00bbon\u00a0\u00bb _builder_version=\u00a0\u00bb3.0.51&Prime;][et_pb_slide image=\u00a0\u00bbhttp:\/\/www.ibicsarl.com\/wp-content\/uploads\/2018\/09\/ATI_Rage_128_Pro_32Mo_AGP_1.jpg\u00a0\u00bb _builder_version=\u00a0\u00bb3.0.51&Prime;][\/et_pb_slide][et_pb_slide image=\u00a0\u00bbhttp:\/\/www.ibicsarl.com\/wp-content\/uploads\/2018\/09\/carte-mere-atx-sb601-c-004003920-product_zoom.jpeg\u00a0\u00bb _builder_version=\u00a0\u00bb3.0.51&Prime;][\/et_pb_slide][et_pb_slide image=\u00a0\u00bbhttp:\/\/www.ibicsarl.com\/wp-content\/uploads\/2018\/09\/diadema-logitech-usb-h390-12264-MCO20056163070_032014-F.jpg\u00a0\u00bb _builder_version=\u00a0\u00bb3.0.51&Prime;][\/et_pb_slide][et_pb_slide image=\u00a0\u00bbhttp:\/\/www.ibicsarl.com\/wp-content\/uploads\/2018\/09\/images-3.jpg\u00a0\u00bb _builder_version=\u00a0\u00bb3.0.51&Prime;][\/et_pb_slide][et_pb_slide image=\u00a0\u00bbhttp:\/\/www.ibicsarl.com\/wp-content\/uploads\/2018\/09\/e71b60d3dbe03e63b8e1df5c890aa5c3.jpg\u00a0\u00bb _builder_version=\u00a0\u00bb3.0.51&Prime;][\/et_pb_slide][\/et_pb_slider][\/et_pb_column][et_pb_column type=\u00a0\u00bb1_3&Prime; _builder_version=\u00a0\u00bb3.0.51&Prime; parallax=\u00a0\u00bboff\u00a0\u00bb parallax_method=\u00a0\u00bbon\u00a0\u00bb][et_pb_slider auto=\u00a0\u00bbon\u00a0\u00bb auto_speed=\u00a0\u00bb3000&Prime; auto_ignore_hover=\u00a0\u00bbon\u00a0\u00bb parallax=\u00a0\u00bbon\u00a0\u00bb remove_inner_shadow=\u00a0\u00bbon\u00a0\u00bb hide_content_on_mobile=\u00a0\u00bbon\u00a0\u00bb hide_cta_on_mobile=\u00a0\u00bbon\u00a0\u00bb show_image_video_mobile=\u00a0\u00bbon\u00a0\u00bb _builder_version=\u00a0\u00bb3.0.51&Prime;][et_pb_slide image=\u00a0\u00bbhttp:\/\/www.ibicsarl.com\/wp-content\/uploads\/2018\/09\/16618a.jpg\u00a0\u00bb _builder_version=\u00a0\u00bb3.0.51&Prime;][\/et_pb_slide][et_pb_slide image=\u00a0\u00bbhttp:\/\/www.ibicsarl.com\/wp-content\/uploads\/2018\/09\/peripheriques_Cable_alimentation_CISCO_C-ble_d-alimentation_250_VCA_-675019-images800jpg-1.jpg\u00a0\u00bb _builder_version=\u00a0\u00bb3.0.51&Prime;][\/et_pb_slide][et_pb_slide image=\u00a0\u00bbhttp:\/\/www.ibicsarl.com\/wp-content\/uploads\/2018\/09\/peripheriques_Cable_vid-o_Startech_C-ble_adaptateur_HDMI_vers_VGA_-706148-images800jpg-1.jpg\u00a0\u00bb _builder_version=\u00a0\u00bb3.0.51&Prime;][\/et_pb_slide][\/et_pb_slider][\/et_pb_column][et_pb_column type=\u00a0\u00bb1_3&Prime; _builder_version=\u00a0\u00bb3.0.51&Prime; parallax=\u00a0\u00bboff\u00a0\u00bb parallax_method=\u00a0\u00bbon\u00a0\u00bb][et_pb_slider auto=\u00a0\u00bbon\u00a0\u00bb auto_speed=\u00a0\u00bb3000&Prime; auto_ignore_hover=\u00a0\u00bbon\u00a0\u00bb parallax=\u00a0\u00bbon\u00a0\u00bb remove_inner_shadow=\u00a0\u00bbon\u00a0\u00bb _builder_version=\u00a0\u00bb3.0.51&Prime; show_image_video_mobile=\u00a0\u00bbon\u00a0\u00bb][et_pb_slide image=\u00a0\u00bbhttp:\/\/www.ibicsarl.com\/wp-content\/uploads\/2018\/09\/cable-adaptateur-usb-c-vers-usb-pour-huawei-p10.jpg\u00a0\u00bb _builder_version=\u00a0\u00bb3.0.51&Prime;][\/et_pb_slide][et_pb_slide image=\u00a0\u00bbhttp:\/\/www.ibicsarl.com\/wp-content\/uploads\/2018\/09\/Adaptateur-D-Imprimante-Canon-984315690_L.jpg\u00a0\u00bb _builder_version=\u00a0\u00bb3.0.51&Prime;][\/et_pb_slide][et_pb_slide image=\u00a0\u00bbhttp:\/\/www.ibicsarl.com\/wp-content\/uploads\/2018\/09\/41B9nbwBajL.jpg\u00a0\u00bb _builder_version=\u00a0\u00bb3.0.51&Prime;][\/et_pb_slide][et_pb_slide image=\u00a0\u00bbhttp:\/\/www.ibicsarl.com\/wp-content\/uploads\/2018\/09\/305425.350.350.jpg\u00a0\u00bb _builder_version=\u00a0\u00bb3.0.51&Prime;][\/et_pb_slide][\/et_pb_slider][\/et_pb_column][\/et_pb_row][\/et_pb_section]<\/p>\n","protected":false},"excerpt":{"rendered":"<p>[et_pb_section fb_built=\u00a0\u00bb1&Prime; custom_padding=\u00a0\u00bb54px|0px|0px|0px\u00a0\u00bb admin_label=\u00a0\u00bbsection\u00a0\u00bb _builder_version=\u00a0\u00bb3.0.47&Prime;][et_pb_row custom_padding=\u00a0\u00bb0px|1px|0px|0px\u00a0\u00bb admin_label=\u00a0\u00bbrow\u00a0\u00bb _builder_version=\u00a0\u00bb3.0.51&Prime; background_image=\u00a0\u00bbhttp:\/\/www.ibicsarl.com\/wp-content\/uploads\/2018\/08\/fond-ecran-prodigemobile.jpg\u00a0\u00bb background_size=\u00a0\u00bbinitial\u00a0\u00bb background_position=\u00a0\u00bbtop_left\u00a0\u00bb background_repeat=\u00a0\u00bbrepeat\u00a0\u00bb][et_pb_column type=\u00a0\u00bb4_4&Prime; _builder_version=\u00a0\u00bb3.0.47&Prime; parallax=\u00a0\u00bboff\u00a0\u00bb parallax_method=\u00a0\u00bbon\u00a0\u00bb][et_pb_text admin_label=\u00a0\u00bbText\u00a0\u00bb _builder_version=\u00a0\u00bb3.0.47&Prime; background_size=\u00a0\u00bbinitial\u00a0\u00bb background_position=\u00a0\u00bbtop_left\u00a0\u00bb background_repeat=\u00a0\u00bbrepeat\u00a0\u00bb] [\/et_pb_text][et_pb_text _builder_version=\u00a0\u00bb3.0.51&Prime;] Composants \u00a0PR\u00c9SENTATION NON EXHAUSTIVE, NOUS CONTACTER POUR UN PLUS GRAND CHOIX DE\u00a0PRODUITS ADAPT\u00c9S \u00c0 VOS BESOINS. [\/et_pb_text][\/et_pb_column][\/et_pb_row][et_pb_row custom_padding=\u00a0\u00bb20px|0px|0px|0px\u00a0\u00bb _builder_version=\u00a0\u00bb3.0.51&Prime;][et_pb_column type=\u00a0\u00bb1_3&Prime; _builder_version=\u00a0\u00bb3.0.51&Prime; parallax=\u00a0\u00bboff\u00a0\u00bb parallax_method=\u00a0\u00bbon\u00a0\u00bb][et_pb_text _builder_version=\u00a0\u00bb3.0.51&Prime;] Composant pour Ordinateur M\u00e9moires Cartes M\u00e8res Cartes Vid\u00e9o [&hellip;]<\/p>\n","protected":false},"author":1,"featured_media":0,"parent":0,"menu_order":0,"comment_status":"closed","ping_status":"closed","template":"","meta":{"_et_pb_use_builder":"on","_et_pb_old_content":"","_et_gb_content_width":"","footnotes":""},"class_list":["post-562","page","type-page","status-publish","hentry"],"_links":{"self":[{"href":"http:\/\/www.ibicsarl.com\/index.php\/wp-json\/wp\/v2\/pages\/562","targetHints":{"allow":["GET"]}}],"collection":[{"href":"http:\/\/www.ibicsarl.com\/index.php\/wp-json\/wp\/v2\/pages"}],"about":[{"href":"http:\/\/www.ibicsarl.com\/index.php\/wp-json\/wp\/v2\/types\/page"}],"author":[{"embeddable":true,"href":"http:\/\/www.ibicsarl.com\/index.php\/wp-json\/wp\/v2\/users\/1"}],"replies":[{"embeddable":true,"href":"http:\/\/www.ibicsarl.com\/index.php\/wp-json\/wp\/v2\/comments?post=562"}],"version-history":[{"count":20,"href":"http:\/\/www.ibicsarl.com\/index.php\/wp-json\/wp\/v2\/pages\/562\/revisions"}],"predecessor-version":[{"id":1745,"href":"http:\/\/www.ibicsarl.com\/index.php\/wp-json\/wp\/v2\/pages\/562\/revisions\/1745"}],"wp:attachment":[{"href":"http:\/\/www.ibicsarl.com\/index.php\/wp-json\/wp\/v2\/media?parent=562"}],"curies":[{"name":"wp","href":"https:\/\/api.w.org\/{rel}","templated":true}]}}